{"id":1327,"date":"2024-12-17T14:28:03","date_gmt":"2024-12-17T12:28:03","guid":{"rendered":"https:\/\/www.luneza.es\/?page_id=1327"},"modified":"2024-12-18T11:51:19","modified_gmt":"2024-12-18T09:51:19","slug":"aviso-legal","status":"publish","type":"page","link":"https:\/\/www.luneza.es\/index.php\/aviso-legal\/","title":{"rendered":"Aviso legal"},"content":{"rendered":"\t\t<div data-elementor-type=\"wp-page\" data-elementor-id=\"1327\" class=\"elementor elementor-1327\" data-elementor-post-type=\"page\">\n\t\t\t\t<div class=\"elementor-element elementor-element-7cf2de5 e-flex e-con-boxed e-con e-parent\" data-id=\"7cf2de5\" data-element_type=\"container\">\n\t\t\t\t\t<div class=\"e-con-inner\">\n\t\t\t\t<div class=\"elementor-element elementor-element-2328892 elementor-widget elementor-widget-heading\" data-id=\"2328892\" data-element_type=\"widget\" data-settings=\"{&quot;wdt_animation_effect&quot;:&quot;none&quot;}\" data-widget_type=\"heading.default\">\n\t\t\t\t<div class=\"elementor-widget-container\">\n\t\t\t\t\t<h2 class=\"elementor-heading-title elementor-size-default\">Pol\u00edtica de privacidad<\/h2>\t\t\t\t<\/div>\n\t\t\t\t<\/div>\n\t\t\t\t<div class=\"elementor-element elementor-element-bb302bf elementor-widget elementor-widget-text-editor\" data-id=\"bb302bf\" data-element_type=\"widget\" data-settings=\"{&quot;wdt_animation_effect&quot;:&quot;none&quot;}\" data-widget_type=\"text-editor.default\">\n\t\t\t\t<div class=\"elementor-widget-container\">\n\t\t\t\t\t\t\t\t\t<p><strong>INFORMACION GENERAL<\/strong><\/p><p>En cumplimiento con el deber de informaci\u00f3n dispuesto en la Ley 34\/2002 de Servicios de la Sociedad de Informaci\u00f3n y del Comercio Electr\u00f3nico LSSI-CE de 11 de julio, se facilitan a continuaci\u00f3n los siguientes datos de informaci\u00f3n generales de este sitio web.<\/p><p>La titularidad de este sitio web la ostenta:<\/p><p>Empresa:\u00a0\u00a0\u00a0\u00a0\u00a0\u00a0\u00a0\u00a0\u00a0\u00a0\u00a0 <strong>MARIA LUISA SANCHEZ DE LOS COBOS<\/strong><\/p><p>NIF: \u00a0\u00a0\u00a0\u00a0\u00a0\u00a0\u00a0\u00a0\u00a0\u00a0\u00a0\u00a0\u00a0\u00a0\u00a0\u00a0\u00a0\u00a0\u00a0 <strong>10084825S<\/strong><\/p><p>Direcci\u00f3n:\u00a0\u00a0\u00a0\u00a0\u00a0\u00a0\u00a0\u00a0\u00a0\u00a0 <strong>BARRIO DE LEONEZA, S\/N<\/strong><\/p><p>Localidad:\u00a0\u00a0\u00a0\u00a0\u00a0\u00a0 \u00a0\u00a0 <strong>ANLLARES DEL SIL, 24488 PARAMO DEL SIL<\/strong><\/p><p>Provincia:\u00a0\u00a0\u00a0\u00a0\u00a0\u00a0 \u00a0\u00a0\u00a0 <strong>LEON<\/strong><\/p><p>Tel\u00e9fono:\u00a0\u00a0\u00a0\u00a0\u00a0\u00a0\u00a0\u00a0\u00a0\u00a0\u00a0 <strong>677 094 726<\/strong><\/p><p>E-mail: \u00a0\u00a0\u00a0\u00a0\u00a0\u00a0\u00a0\u00a0\u00a0\u00a0\u00a0\u00a0\u00a0\u00a0 <strong>info@www.luneza.es<\/strong><\/p><p><strong>TERMINOS Y CONDICIONES GENERALES DE USO<\/strong><\/p><p>El objeto de las presentes condiciones generales de uso (en adelante condiciones) es regular el acceso y la utilizaci\u00f3n del sitio web. A los efectos de las presentes condiciones se entender\u00e1 como sitio web la apariencia externa de los interfaces de pantalla, tanto de forma est\u00e1tica como de forma din\u00e1mica, es decir, el \u00e1rbol de navegaci\u00f3n y a todos los elementos integrados tanto en los interfaces de pantalla como en el \u00e1rbol de navegaci\u00f3n (en adelante contenidos) y todos aquellos servicios o recursos en l\u00ednea que en su caso ofrezca a los usuarios (en adelante servicios)<\/p><p>MARIA LUISA SANCHEZ DE LOS COBOS se reserva la facultad de modificar, en cualquier momento y sin aviso previo, la presentaci\u00f3n y configuraci\u00f3n del sitio web y de los contenidos y de los servicios que en \u00e9l pudieran estar incorporados. El usuario reconoce y acepta que en cualquier momento MARIA LUISA SANCHEZ DE LOS COBOS pueda interrumpir, desactivar y\/o cancelar cualquiera de estos elementos que se integran en el sitio web o accesos a los mismos.<\/p><p>El acceso al sitio web por el usuario tiene car\u00e1cter libre y, por regla general, es gratuito sin que el usuario tenga que proporcionar contraprestaci\u00f3n para poder disfrutar de ello, salvo en lo relativo al coste de conexi\u00f3n a trav\u00e9s de la red de telecomunicaciones suministrada por el proveedor de acceso que hubiera contratado el usuario.<\/p><p>La utilizaci\u00f3n de alguno de los contenidos o servicios del sitio web podr\u00e1 hacerse mediante la suscripci\u00f3n o registro previo del usuario.<\/p><p><strong>USUARIO<\/strong><\/p><p>El acceso, la navegaci\u00f3n y el uso del sitio web, as\u00ed como por los espacios habilitados para interactuar entre los usuarios, y el usuario y MARIA LUISA SANCHEZ DE LOS COBOS como comentarios y\/o espacios de blogging, confiere la condici\u00f3n de usuario, por lo que se aceptan, desde que se inicia la navegaci\u00f3n por el sitio web, todas la condiciones aqu\u00ed establecida, as\u00ed como sus ulteriores modificaciones, sin perjuicio de la aplicaci\u00f3n de la correspondiente normativa legal de obligado cumplimiento seg\u00fan el caso. Dada la relevancia de lo anterior, se recomienda al usuario leerlas cada vez que visite el sitio web.<\/p><p>El sitio web de MARIA LUISA SANCHEZ DE LOS COBOS proporciona gran diversidad de informaci\u00f3n, servicios y datos. El usuario asume su responsabilidad para realizar un uso correcto del sitio web, Esta responsabilidad se extender\u00e1 a:<\/p><p>&#8211;\u00a0\u00a0\u00a0\u00a0\u00a0 Un uso de la informaci\u00f3n, contenidos y\/o servicios y datos ofrecidos por MARIA LUISA SANCHEZ DE LOS COBOS sin que sea contrario a lo dispuesto en las presentes condiciones, la ley, la moral y el orden p\u00fablico, o que de cualquier otro modo puedan suponer lesi\u00f3n a los derechos de terceros o del mismo funcionamiento de la web.<\/p><p>&#8211;\u00a0\u00a0\u00a0\u00a0\u00a0 La veracidad y licitud de las informaciones aportadas por el usuario en los formularios extendidos por MARIA LUISA SANCHEZ DE LOS COBOS para el acceso a ciertos contenidos o servicios ofrecidos por el sitio web. En todo caso, el usuario notificar\u00e1 de forma inmediata a MARIA LUISA SANCHEZ DE LOS COBOS acerca de cualquier hecho que permita el uso indebido de la informaci\u00f3n registrada en dichos formularios, tales como, pero no s\u00f3lo, el robo, extravi\u00f3, o el acceso no autorizado a identificadores y\/o contrase\u00f1as, con el fin de proceder a su inmediata cancelaci\u00f3n.<\/p><p>MARIA LUISA SANCHEZ DE LOS COBOS se reserva el derecho de retirar todos aquellos comentarios y aportaciones que vulneren la ley, el respeto o la dignidad de la persona, que sean discriminatorios, xen\u00f3fobos, racistas, pornogr\u00e1ficos, spinning, que atenten contra la juventud o la infancia, el orden o la seguridad p\u00fablica o que, a su juicio, no resultaran adecuados para su publicaci\u00f3n.<\/p><p>En cualquier caso, MARIA LUISA SANCHEZ DE LOS COBOS no ser\u00e1 responsable de las opiniones vertidas por los usuarios a trav\u00e9s de comentarios u otras herramientas de blogging o de participaci\u00f3n que pueda haber.<\/p><p>El mero acceso a este sitio web no supone entablar ning\u00fan tipo de relaci\u00f3n de car\u00e1cter comercial entre MARIA LUISA SANCHEZ DE LOS COBOS y el usuario.<\/p><p>El usuario declara ser mayor de edad y disponer de la capacidad jur\u00eddica suficiente para vincularse por las presentes condiciones. Por lo tanto, este sitio web de MARIA LUISA SANCHEZ DE LOS COBOS no se dirige a menores de edad.\u00a0 MARIA LUISA SANCHEZ DE LOS COBOS declina cualquier responsabilidad por el incumplimiento de este requisito.<\/p><p>El sitio web est\u00e1 dirigido principalmente a usuarios residentes en Espa\u00f1a, MARIA LUISA SANCHEZ DE LOS COBOS no asegura que el sitio web cumpla con las legislaciones de otros pa\u00edses, ya sea total o parcialmente, Si el usuario reside o tiene su domicilio en otro lugar y decide acceder y\/o navegar en el sitio web lo har\u00e1 bajo su propia responsabilidad, deber\u00e1 asegurarse de que tal acceso y navegaci\u00f3n cumple con la legislaci\u00f3n local que le es aplicable, no asumiendo MARIA LUISA SANCHEZ DE LOS COBOS responsabilidad alguna que se pueda derivar de dicho acceso.<\/p><p><strong>ACCESO Y NAVEGACION EN EL SITIO WEB: EXCLUSION DE GARANTIAS Y RESPONSABILIDAD<\/strong><\/p><p>MARIA LUISA SANCHEZ DE LOS COBOS no garantiza la continuidad, disponibilidad y utilidad del sitio web, ni de los contenidos o servicios. MARIA LUISA SANCHEZ DE LOS COBOS har\u00e1 todo lo posible por el buen funcionamiento del sitio web, sin embargo, no se responsabiliza ni garantiza que el acceso a este sitio web no vaya a ser ininterrumpido o que est\u00e9 libre de error.<\/p><p>Tampoco se responsabiliza o garantiza que el contenido o software al que pueda accederse a trav\u00e9s de este sitio web est\u00e9 libre de error o cause un da\u00f1o al sistema inform\u00e1tico (software y hardware) del usuario. En ning\u00fan caso MARIA LUISA SANCHEZ DE LOS COBOS ser\u00e1 responsable de las p\u00e9rdidas, da\u00f1os o perjuicios de cualquier tipo que surjan por el acceso, navegaci\u00f3n y el uso del sitio web, incluy\u00e9ndose, pero no limit\u00e1ndose, a los ocasionados a los sistemas inform\u00e1ticos o los provocados por la introducci\u00f3n del virus.<\/p><p>MARIA LUISA SANCHEZ DE LOS COBOS tampoco se hace responsable de los da\u00f1os que pudiesen ocasionarse a los usuarios por un uso inadecuado de este sitio web.<\/p><p>En particular, no se hace responsable en modo alguno de las ca\u00eddas, interrupciones, falta o defecto de las telecomunicaciones que pudieran ocurrir.<\/p>\t\t\t\t\t\t\t\t<\/div>\n\t\t\t\t<\/div>\n\t\t\t\t\t<\/div>\n\t\t\t\t<\/div>\n\t\t\t\t<\/div>\n\t\t","protected":false},"excerpt":{"rendered":"<p>Pol\u00edtica de privacidad INFORMACION GENERAL En cumplimiento con el deber de informaci\u00f3n dispuesto en la Ley 34\/2002 de Servicios de la Sociedad de Informaci\u00f3n y del Comercio Electr\u00f3nico LSSI-CE de 11 de julio, se facilitan a continuaci\u00f3n los siguientes datos de informaci\u00f3n generales de este sitio web. La titularidad de este sitio web la ostenta: [&hellip;]<\/p>\n","protected":false},"author":1,"featured_media":0,"parent":0,"menu_order":0,"comment_status":"closed","ping_status":"closed","template":"","meta":{"footnotes":""},"class_list":["post-1327","page","type-page","status-publish","hentry"],"yoast_head":"<!-- This site is optimized with the Yoast SEO plugin v26.4 - https:\/\/yoast.com\/wordpress\/plugins\/seo\/ -->\n<title>Aviso legal - Artesanos de Luneza<\/title>\n<meta name=\"robots\" content=\"index, follow, max-snippet:-1, max-image-preview:large, max-video-preview:-1\" \/>\n<link rel=\"canonical\" href=\"https:\/\/www.luneza.es\/index.php\/aviso-legal\/\" \/>\n<meta property=\"og:locale\" content=\"es_ES\" \/>\n<meta property=\"og:type\" content=\"article\" \/>\n<meta property=\"og:title\" content=\"Aviso legal - Artesanos de Luneza\" \/>\n<meta property=\"og:description\" content=\"Pol\u00edtica de privacidad INFORMACION GENERAL En cumplimiento con el deber de informaci\u00f3n dispuesto en la Ley 34\/2002 de Servicios de la Sociedad de Informaci\u00f3n y del Comercio Electr\u00f3nico LSSI-CE de 11 de julio, se facilitan a continuaci\u00f3n los siguientes datos de informaci\u00f3n generales de este sitio web. La titularidad de este sitio web la ostenta: [&hellip;]\" \/>\n<meta property=\"og:url\" content=\"https:\/\/www.luneza.es\/index.php\/aviso-legal\/\" \/>\n<meta property=\"og:site_name\" content=\"Artesanos de Luneza\" \/>\n<meta property=\"article:modified_time\" content=\"2024-12-18T09:51:19+00:00\" \/>\n<meta name=\"twitter:card\" content=\"summary_large_image\" \/>\n<meta name=\"twitter:label1\" content=\"Tiempo de lectura\" \/>\n\t<meta name=\"twitter:data1\" content=\"6 minutos\" \/>\n<script type=\"application\/ld+json\" class=\"yoast-schema-graph\">{\"@context\":\"https:\/\/schema.org\",\"@graph\":[{\"@type\":\"WebPage\",\"@id\":\"https:\/\/www.luneza.es\/index.php\/aviso-legal\/\",\"url\":\"https:\/\/www.luneza.es\/index.php\/aviso-legal\/\",\"name\":\"Aviso legal - Artesanos de Luneza\",\"isPartOf\":{\"@id\":\"https:\/\/www.luneza.es\/#website\"},\"datePublished\":\"2024-12-17T12:28:03+00:00\",\"dateModified\":\"2024-12-18T09:51:19+00:00\",\"breadcrumb\":{\"@id\":\"https:\/\/www.luneza.es\/index.php\/aviso-legal\/#breadcrumb\"},\"inLanguage\":\"es\",\"potentialAction\":[{\"@type\":\"ReadAction\",\"target\":[\"https:\/\/www.luneza.es\/index.php\/aviso-legal\/\"]}]},{\"@type\":\"BreadcrumbList\",\"@id\":\"https:\/\/www.luneza.es\/index.php\/aviso-legal\/#breadcrumb\",\"itemListElement\":[{\"@type\":\"ListItem\",\"position\":1,\"name\":\"Portada\",\"item\":\"https:\/\/www.luneza.es\/\"},{\"@type\":\"ListItem\",\"position\":2,\"name\":\"Aviso legal\"}]},{\"@type\":\"WebSite\",\"@id\":\"https:\/\/www.luneza.es\/#website\",\"url\":\"https:\/\/www.luneza.es\/\",\"name\":\"Artesanos de Luneza\",\"description\":\"Forjando belleza, inspirados por la naturaleza.\",\"potentialAction\":[{\"@type\":\"SearchAction\",\"target\":{\"@type\":\"EntryPoint\",\"urlTemplate\":\"https:\/\/www.luneza.es\/?s={search_term_string}\"},\"query-input\":{\"@type\":\"PropertyValueSpecification\",\"valueRequired\":true,\"valueName\":\"search_term_string\"}}],\"inLanguage\":\"es\"}]}<\/script>\n<!-- \/ Yoast SEO plugin. -->","yoast_head_json":{"title":"Aviso legal - Artesanos de Luneza","robots":{"index":"index","follow":"follow","max-snippet":"max-snippet:-1","max-image-preview":"max-image-preview:large","max-video-preview":"max-video-preview:-1"},"canonical":"https:\/\/www.luneza.es\/index.php\/aviso-legal\/","og_locale":"es_ES","og_type":"article","og_title":"Aviso legal - Artesanos de Luneza","og_description":"Pol\u00edtica de privacidad INFORMACION GENERAL En cumplimiento con el deber de informaci\u00f3n dispuesto en la Ley 34\/2002 de Servicios de la Sociedad de Informaci\u00f3n y del Comercio Electr\u00f3nico LSSI-CE de 11 de julio, se facilitan a continuaci\u00f3n los siguientes datos de informaci\u00f3n generales de este sitio web. La titularidad de este sitio web la ostenta: [&hellip;]","og_url":"https:\/\/www.luneza.es\/index.php\/aviso-legal\/","og_site_name":"Artesanos de Luneza","article_modified_time":"2024-12-18T09:51:19+00:00","twitter_card":"summary_large_image","twitter_misc":{"Tiempo de lectura":"6 minutos"},"schema":{"@context":"https:\/\/schema.org","@graph":[{"@type":"WebPage","@id":"https:\/\/www.luneza.es\/index.php\/aviso-legal\/","url":"https:\/\/www.luneza.es\/index.php\/aviso-legal\/","name":"Aviso legal - Artesanos de Luneza","isPartOf":{"@id":"https:\/\/www.luneza.es\/#website"},"datePublished":"2024-12-17T12:28:03+00:00","dateModified":"2024-12-18T09:51:19+00:00","breadcrumb":{"@id":"https:\/\/www.luneza.es\/index.php\/aviso-legal\/#breadcrumb"},"inLanguage":"es","potentialAction":[{"@type":"ReadAction","target":["https:\/\/www.luneza.es\/index.php\/aviso-legal\/"]}]},{"@type":"BreadcrumbList","@id":"https:\/\/www.luneza.es\/index.php\/aviso-legal\/#breadcrumb","itemListElement":[{"@type":"ListItem","position":1,"name":"Portada","item":"https:\/\/www.luneza.es\/"},{"@type":"ListItem","position":2,"name":"Aviso legal"}]},{"@type":"WebSite","@id":"https:\/\/www.luneza.es\/#website","url":"https:\/\/www.luneza.es\/","name":"Artesanos de Luneza","description":"Forjando belleza, inspirados por la naturaleza.","potentialAction":[{"@type":"SearchAction","target":{"@type":"EntryPoint","urlTemplate":"https:\/\/www.luneza.es\/?s={search_term_string}"},"query-input":{"@type":"PropertyValueSpecification","valueRequired":true,"valueName":"search_term_string"}}],"inLanguage":"es"}]}},"_links":{"self":[{"href":"https:\/\/www.luneza.es\/index.php\/wp-json\/wp\/v2\/pages\/1327","targetHints":{"allow":["GET"]}}],"collection":[{"href":"https:\/\/www.luneza.es\/index.php\/wp-json\/wp\/v2\/pages"}],"about":[{"href":"https:\/\/www.luneza.es\/index.php\/wp-json\/wp\/v2\/types\/page"}],"author":[{"embeddable":true,"href":"https:\/\/www.luneza.es\/index.php\/wp-json\/wp\/v2\/users\/1"}],"replies":[{"embeddable":true,"href":"https:\/\/www.luneza.es\/index.php\/wp-json\/wp\/v2\/comments?post=1327"}],"version-history":[{"count":13,"href":"https:\/\/www.luneza.es\/index.php\/wp-json\/wp\/v2\/pages\/1327\/revisions"}],"predecessor-version":[{"id":1369,"href":"https:\/\/www.luneza.es\/index.php\/wp-json\/wp\/v2\/pages\/1327\/revisions\/1369"}],"wp:attachment":[{"href":"https:\/\/www.luneza.es\/index.php\/wp-json\/wp\/v2\/media?parent=1327"}],"curies":[{"name":"wp","href":"https:\/\/api.w.org\/{rel}","templated":true}]}}